{"id":1053,"date":"2024-08-12T08:23:50","date_gmt":"2024-08-12T08:23:50","guid":{"rendered":"http:\/\/vitalkenko.com\/?page_id=1053"},"modified":"2024-08-20T00:44:03","modified_gmt":"2024-08-19T22:44:03","slug":"pediatria","status":"publish","type":"page","link":"http:\/\/vitalkenko.com\/ca\/pediatria\/","title":{"rendered":"Pediatria"},"content":{"rendered":"<div data-elementor-type=\"wp-page\" data-elementor-id=\"1053\" class=\"elementor elementor-1053\" data-elementor-post-type=\"page\">\n\t\t\t\t<div class=\"elementor-element elementor-element-32b3e89 e-con-full e-flex e-con e-parent\" data-id=\"32b3e89\" data-element_type=\"container\" data-e-type=\"container\" data-settings=\"{&quot;background_background&quot;:&quot;classic&quot;}\">\n\t\t<div class=\"elementor-element elementor-element-8388fe1 e-con-full e-flex e-con e-child\" data-id=\"8388fe1\" data-element_type=\"container\" data-e-type=\"container\">\n\t\t<div class=\"elementor-element elementor-element-93ab5c3 e-flex e-con-boxed e-con e-child\" data-id=\"93ab5c3\" data-element_type=\"container\" data-e-type=\"container\">\n\t\t\t\t\t<div class=\"e-con-inner\">\n\t\t\t\t<div class=\"elementor-element elementor-element-88548e1 elementor-widget__width-initial elementor-widget elementor-widget-heading\" data-id=\"88548e1\" data-element_type=\"widget\" data-e-type=\"widget\" data-widget_type=\"heading.default\">\n\t\t\t\t<div class=\"elementor-widget-container\">\n\t\t\t\t\t<h1 class=\"elementor-heading-title elementor-size-default\">Pediatria<\/h1>\t\t\t\t<\/div>\n\t\t\t\t<\/div>\n\t\t\t\t<div class=\"elementor-element elementor-element-adc1d79 elementor-widget__width-initial elementor-invisible elementor-widget elementor-widget-heading\" data-id=\"adc1d79\" data-element_type=\"widget\" data-e-type=\"widget\" data-settings=\"{&quot;_animation&quot;:&quot;fadeInLeft&quot;,&quot;_animation_delay&quot;:1000}\" data-widget_type=\"heading.default\">\n\t\t\t\t<div class=\"elementor-widget-container\">\n\t\t\t\t\t<h3 class=\"elementor-heading-title elementor-size-default\">Realitzi la seva visita de pediatria en els centres Vitalkenko<\/h3>\t\t\t\t<\/div>\n\t\t\t\t<\/div>\n\t\t\t\t\t<\/div>\n\t\t\t\t<\/div>\n\t\t<div class=\"elementor-element elementor-element-5d5bfe7 e-con-full e-flex e-con e-child\" data-id=\"5d5bfe7\" data-element_type=\"container\" data-e-type=\"container\">\n\t\t\t\t<div class=\"elementor-element elementor-element-0b9d95c elementor-align-left elementor-widget__width-auto elementor-widget elementor-widget-button\" data-id=\"0b9d95c\" data-element_type=\"widget\" data-e-type=\"widget\" data-widget_type=\"button.default\">\n\t\t\t\t<div class=\"elementor-widget-container\">\n\t\t\t\t\t\t\t\t\t<div class=\"elementor-button-wrapper\">\n\t\t\t\t\t<a class=\"elementor-button elementor-button-link elementor-size-sm\" href=\"http:\/\/vitalkenko.com\/ca\/pedir-cita\/\">\n\t\t\t\t\t\t<span class=\"elementor-button-content-wrapper\">\n\t\t\t\t\t\t\t\t\t<span class=\"elementor-button-text\">Demanar cita<\/span>\n\t\t\t\t\t<\/span>\n\t\t\t\t\t<\/a>\n\t\t\t\t<\/div>\n\t\t\t\t\t\t\t\t<\/div>\n\t\t\t\t<\/div>\n\t\t\t\t<div class=\"elementor-element elementor-element-4d790e3 elementor-align-left elementor-widget__width-auto elementor-widget elementor-widget-button\" data-id=\"4d790e3\" data-element_type=\"widget\" data-e-type=\"widget\" data-widget_type=\"button.default\">\n\t\t\t\t<div class=\"elementor-widget-container\">\n\t\t\t\t\t\t\t\t\t<div class=\"elementor-button-wrapper\">\n\t\t\t\t\t<a class=\"elementor-button elementor-button-link elementor-size-sm\" href=\"tel:900060232\">\n\t\t\t\t\t\t<span class=\"elementor-button-content-wrapper\">\n\t\t\t\t\t\t<span class=\"elementor-button-icon\">\n\t\t\t\t<svg aria-hidden=\"true\" class=\"e-font-icon-svg e-fas-phone-alt\" viewbox=\"0 0 512 512\" xmlns=\"http:\/\/www.w3.org\/2000\/svg\"><path d=\"M497.39 361.8l-112-48a24 24 0 0 0-28 6.9l-49.6 60.6A370.66 370.66 0 0 1 130.6 204.11l60.6-49.6a23.94 23.94 0 0 0 6.9-28l-48-112A24.16 24.16 0 0 0 122.6.61l-104 24A24 24 0 0 0 0 48c0 256.5 207.9 464 464 464a24 24 0 0 0 23.4-18.6l24-104a24.29 24.29 0 0 0-14.01-27.6z\"><\/path><\/svg>\t\t\t<\/span>\n\t\t\t\t\t\t\t\t\t<span class=\"elementor-button-text\">900 060 232<\/span>\n\t\t\t\t\t<\/span>\n\t\t\t\t\t<\/a>\n\t\t\t\t<\/div>\n\t\t\t\t\t\t\t\t<\/div>\n\t\t\t\t<\/div>\n\t\t\t\t<\/div>\n\t\t\t\t<\/div>\n\t\t\t\t<\/div>\n\t\t<div class=\"elementor-element elementor-element-3350cb1 e-con-full e-flex e-con e-parent\" data-id=\"3350cb1\" data-element_type=\"container\" data-e-type=\"container\">\n\t\t\t\t<div class=\"elementor-element elementor-element-41d216c elementor-widget elementor-widget-heading\" data-id=\"41d216c\" data-element_type=\"widget\" data-e-type=\"widget\" data-widget_type=\"heading.default\">\n\t\t\t\t<div class=\"elementor-widget-container\">\n\t\t\t\t\t<h2 class=\"elementor-heading-title elementor-size-default\">Visita m\u00e8dica\n<\/h2>\t\t\t\t<\/div>\n\t\t\t\t<\/div>\n\t\t\t\t<\/div>\n\t\t<div class=\"elementor-element elementor-element-4792f38 e-con-full e-flex e-con e-parent\" data-id=\"4792f38\" data-element_type=\"container\" data-e-type=\"container\">\n\t\t<div class=\"elementor-element elementor-element-063c86a e-con-full e-flex e-con e-child\" data-id=\"063c86a\" data-element_type=\"container\" data-e-type=\"container\">\n\t\t<div class=\"elementor-element elementor-element-237556c e-con-full e-flex e-con e-child\" data-id=\"237556c\" data-element_type=\"container\" data-e-type=\"container\">\n\t\t\t\t<div class=\"elementor-element elementor-element-e8a6fad elementor-widget__width-initial elementor-widget-tablet__width-inherit elementor-widget-mobile__width-inherit elementor-widget elementor-widget-text-editor\" data-id=\"e8a6fad\" data-element_type=\"widget\" data-e-type=\"widget\" data-widget_type=\"text-editor.default\">\n\t\t\t\t<div class=\"elementor-widget-container\">\n\t\t\t\t\t\t\t\t\t<p>En el nostre centre m\u00e8dic, la <strong>Pediatria<\/strong> \u00e9s essencial per a la cura integral de la salut infantil. El nostre equip de pediatres especialitzats ofereix atenci\u00f3 d'alta qualitat per a nens des del naixement fins a l'adolesc\u00e8ncia.<\/p><h4>Serveis Principals<\/h4><ul><li><strong>Ex\u00e0mens de Salud Infantil<\/strong>: Revisions m\u00e8diques regulars per a assegurar un creixement saludable.<\/li><li><strong>Vacunes<\/strong>: Aplicaci\u00f3 de vacunes segons el calendari recomanat.<\/li><li><strong>Diagn\u00f2stic i Tractament<\/strong>: Atenci\u00f3 per a malalties comunes i cr\u00f2niques.<\/li><li><strong>Assessorament en Nutrici\u00f3 i Desenvolupament<\/strong>: Orientaci\u00f3 sobre alimentaci\u00f3 i benestar general.<\/li><\/ul><p>Ens enfoquem en una cura personalitzada que considera les necessitats \u00faniques de cada nen. El seu fill rebr\u00e0 atenci\u00f3 integral, amb un enfocament en la seva salut f\u00edsica i emocional. Confi\u00ef en els nostres experts en Pediatria per a acompanyar a la seva fam\u00edlia en cada etapa del desenvolupament!<\/p>\t\t\t\t\t\t\t\t<\/div>\n\t\t\t\t<\/div>\n\t\t\t\t<\/div>\n\t\t\t\t<\/div>\n\t\t<div class=\"elementor-element elementor-element-925da55 e-con-full e-flex elementor-invisible e-con e-child\" data-id=\"925da55\" data-element_type=\"container\" data-e-type=\"container\" data-settings=\"{&quot;animation&quot;:&quot;fadeInRight&quot;}\">\n\t\t<div class=\"elementor-element elementor-element-435b176 e-con-full e-flex e-con e-child\" data-id=\"435b176\" data-element_type=\"container\" data-e-type=\"container\" data-settings=\"{&quot;background_background&quot;:&quot;classic&quot;}\">\n\t\t\t\t<div class=\"elementor-element elementor-element-db9cbeb elementor-widget elementor-widget-heading\" data-id=\"db9cbeb\" data-element_type=\"widget\" data-e-type=\"widget\" data-widget_type=\"heading.default\">\n\t\t\t\t<div class=\"elementor-widget-container\">\n\t\t\t\t\t<h3 class=\"elementor-heading-title elementor-size-default\">Agendi una cita ara\n<\/h3>\t\t\t\t<\/div>\n\t\t\t\t<\/div>\n\t\t\t\t<div class=\"elementor-element elementor-element-5f0c07d elementor-align-center elementor-widget__width-auto elementor-widget elementor-widget-button\" data-id=\"5f0c07d\" data-element_type=\"widget\" data-e-type=\"widget\" data-widget_type=\"button.default\">\n\t\t\t\t<div class=\"elementor-widget-container\">\n\t\t\t\t\t\t\t\t\t<div class=\"elementor-button-wrapper\">\n\t\t\t\t\t<a class=\"elementor-button elementor-button-link elementor-size-sm\" href=\"http:\/\/vitalkenko.com\/ca\/pedir-cita\/\">\n\t\t\t\t\t\t<span class=\"elementor-button-content-wrapper\">\n\t\t\t\t\t\t<span class=\"elementor-button-icon\">\n\t\t\t\t<svg aria-hidden=\"true\" class=\"e-font-icon-svg e-far-calendar-alt\" viewbox=\"0 0 448 512\" xmlns=\"http:\/\/www.w3.org\/2000\/svg\"><path d=\"M148 288h-40c-6.6 0-12-5.4-12-12v-40c0-6.6 5.4-12 12-12h40c6.6 0 12 5.4 12 12v40c0 6.6-5.4 12-12 12zm108-12v-40c0-6.6-5.4-12-12-12h-40c-6.6 0-12 5.4-12 12v40c0 6.6 5.4 12 12 12h40c6.6 0 12-5.4 12-12zm96 0v-40c0-6.6-5.4-12-12-12h-40c-6.6 0-12 5.4-12 12v40c0 6.6 5.4 12 12 12h40c6.6 0 12-5.4 12-12zm-96 96v-40c0-6.6-5.4-12-12-12h-40c-6.6 0-12 5.4-12 12v40c0 6.6 5.4 12 12 12h40c6.6 0 12-5.4 12-12zm-96 0v-40c0-6.6-5.4-12-12-12h-40c-6.6 0-12 5.4-12 12v40c0 6.6 5.4 12 12 12h40c6.6 0 12-5.4 12-12zm192 0v-40c0-6.6-5.4-12-12-12h-40c-6.6 0-12 5.4-12 12v40c0 6.6 5.4 12 12 12h40c6.6 0 12-5.4 12-12zm96-260v352c0 26.5-21.5 48-48 48H48c-26.5 0-48-21.5-48-48V112c0-26.5 21.5-48 48-48h48V12c0-6.6 5.4-12 12-12h40c6.6 0 12 5.4 12 12v52h128V12c0-6.6 5.4-12 12-12h40c6.6 0 12 5.4 12 12v52h48c26.5 0 48 21.5 48 48zm-48 346V160H48v298c0 3.3 2.7 6 6 6h340c3.3 0 6-2.7 6-6z\"><\/path><\/svg>\t\t\t<\/span>\n\t\t\t\t\t\t\t\t\t<span class=\"elementor-button-text\">Demanar cita<\/span>\n\t\t\t\t\t<\/span>\n\t\t\t\t\t<\/a>\n\t\t\t\t<\/div>\n\t\t\t\t\t\t\t\t<\/div>\n\t\t\t\t<\/div>\n\t\t\t\t<\/div>\n\t\t\t\t<\/div>\n\t\t\t\t<\/div>\n\t\t<div class=\"elementor-element elementor-element-370c3369 e-con-full e-flex e-con e-parent\" data-id=\"370c3369\" data-element_type=\"container\" data-e-type=\"container\">\n\t\t<div class=\"elementor-element elementor-element-5de8a272 e-con-full e-flex elementor-invisible e-con e-child\" data-id=\"5de8a272\" data-element_type=\"container\" data-e-type=\"container\" data-settings=\"{&quot;background_background&quot;:&quot;classic&quot;,&quot;animation&quot;:&quot;zoomIn&quot;}\">\n\t\t\t\t<div class=\"elementor-element elementor-element-77d5d406 elementor-widget elementor-widget-heading\" data-id=\"77d5d406\" data-element_type=\"widget\" data-e-type=\"widget\" data-widget_type=\"heading.default\">\n\t\t\t\t<div class=\"elementor-widget-container\">\n\t\t\t\t\t<h3 class=\"elementor-heading-title elementor-size-default\">Aconsegueixi el seu certificat m\u00e8dic o examen psicot\u00e8cnic:<\/h3>\t\t\t\t<\/div>\n\t\t\t\t<\/div>\n\t\t<div class=\"elementor-element elementor-element-4654c60c e-con-full e-flex e-con e-child\" data-id=\"4654c60c\" data-element_type=\"container\" data-e-type=\"container\">\n\t\t\t\t<div class=\"elementor-element elementor-element-bf0f38a elementor-widget__width-initial elementor-view-default elementor-position-block-start elementor-mobile-position-block-start elementor-widget elementor-widget-icon-box\" data-id=\"bf0f38a\" data-element_type=\"widget\" data-e-type=\"widget\" data-widget_type=\"icon-box.default\">\n\t\t\t\t<div class=\"elementor-widget-container\">\n\t\t\t\t\t\t\t<div class=\"elementor-icon-box-wrapper\">\n\n\t\t\t\t\t\t<div class=\"elementor-icon-box-icon\">\n\t\t\t\t<span  class=\"elementor-icon\">\n\t\t\t\t<svg xmlns=\"http:\/\/www.w3.org\/2000\/svg\" width=\"43.067\" height=\"68.896\" viewbox=\"379.966 2935.5 43.067 68.896\"><path d=\"M419.8 2957.03h-15.527l4.655-17.466c.539-2.046-.995-4.064-3.121-4.064h-18.3a3.246 3.246 0 0 0-3.203 2.799l-4.306 32.295a3.22 3.22 0 0 0 3.202 3.66h15.96l-6.19 26.158c-.485 2.046 1.076 3.984 3.148 3.984a3.23 3.23 0 0 0 2.799-1.615l23.683-40.907c1.238-2.153-.323-4.844-2.8-4.844Z\" fill=\"#fff\" fill-rule=\"evenodd\" data-name=\"Icon awesome-poo-storm\"><\/path><\/svg>\t\t\t\t<\/span>\n\t\t\t<\/div>\n\t\t\t\n\t\t\t\t\t\t<div class=\"elementor-icon-box-content\">\n\n\t\t\t\t\t\t\t\t\t<h3 class=\"elementor-icon-box-title\">\n\t\t\t\t\t\t<span  >\n\t\t\t\t\t\t\tR\u00c0PID i IMMEDIAT\t\t\t\t\t\t<\/span>\n\t\t\t\t\t<\/h3>\n\t\t\t\t\n\t\t\t\t\n\t\t\t<\/div>\n\t\t\t\n\t\t<\/div>\n\t\t\t\t\t\t<\/div>\n\t\t\t\t<\/div>\n\t\t\t\t<div class=\"elementor-element elementor-element-3aaf551e elementor-widget__width-initial elementor-view-default elementor-position-block-start elementor-mobile-position-block-start elementor-widget elementor-widget-icon-box\" data-id=\"3aaf551e\" data-element_type=\"widget\" data-e-type=\"widget\" data-widget_type=\"icon-box.default\">\n\t\t\t\t<div class=\"elementor-widget-container\">\n\t\t\t\t\t\t\t<div class=\"elementor-icon-box-wrapper\">\n\n\t\t\t\t\t\t<div class=\"elementor-icon-box-icon\">\n\t\t\t\t<span  class=\"elementor-icon\">\n\t\t\t\t<svg xmlns=\"http:\/\/www.w3.org\/2000\/svg\" width=\"89.109\" height=\"79.207\" viewbox=\"915.445 2935.5 89.109 79.207\"><path d=\"M958.033 2974.254c1.083 1.145 2.846 1.145 3.945 0l16.846-17.666c4.888-5.136 4.61-13.644-.866-18.378-4.765-4.13-11.866-3.387-16.228 1.192l-1.733 1.81-1.717-1.795c-4.362-4.594-11.463-5.337-16.227-1.207-5.46 4.734-5.755 13.242-.866 18.378l16.846 17.666Zm44.862 12.005c-1.826-1.655-4.672-1.547-6.59 0l-14.294 11.432a9.849 9.849 0 0 1-6.188 2.166h-18.3a2.482 2.482 0 0 1-2.476-2.476 2.482 2.482 0 0 1 2.475-2.475h12.113c2.46 0 4.75-1.686 5.151-4.115a4.956 4.956 0 0 0-4.888-5.785h-24.751a18.207 18.207 0 0 0-11.463 4.068l-7.194 5.832h-8.57a2.482 2.482 0 0 0-2.475 2.475v14.851a2.482 2.482 0 0 0 2.475 2.475h55.196a9.913 9.913 0 0 0 6.187-2.165l23.39-18.719a4.948 4.948 0 0 0 .202-7.564Z\" fill=\"#fff\" fill-rule=\"evenodd\" data-name=\"Icon awesome-hand-holding-heart\"><\/path><\/svg>\t\t\t\t<\/span>\n\t\t\t<\/div>\n\t\t\t\n\t\t\t\t\t\t<div class=\"elementor-icon-box-content\">\n\n\t\t\t\t\t\t\t\t\t<h3 class=\"elementor-icon-box-title\">\n\t\t\t\t\t\t<span  >\n\t\t\t\t\t\t\tAmb un tracte PR\u00d2XIM i PERSONAL\t\t\t\t\t\t<\/span>\n\t\t\t\t\t<\/h3>\n\t\t\t\t\n\t\t\t\t\n\t\t\t<\/div>\n\t\t\t\n\t\t<\/div>\n\t\t\t\t\t\t<\/div>\n\t\t\t\t<\/div>\n\t\t\t\t<div class=\"elementor-element elementor-element-480ba766 elementor-widget__width-initial elementor-view-default elementor-position-block-start elementor-mobile-position-block-start elementor-widget elementor-widget-icon-box\" data-id=\"480ba766\" data-element_type=\"widget\" data-e-type=\"widget\" data-widget_type=\"icon-box.default\">\n\t\t\t\t<div class=\"elementor-widget-container\">\n\t\t\t\t\t\t\t<div class=\"elementor-icon-box-wrapper\">\n\n\t\t\t\t\t\t<div class=\"elementor-icon-box-icon\">\n\t\t\t\t<span  class=\"elementor-icon\">\n\t\t\t\t<svg xmlns=\"http:\/\/www.w3.org\/2000\/svg\" width=\"107.042\" height=\"74.929\" viewbox=\"1496.966 2937.639 107.042 74.929\"><path d=\"M1529.079 2975.103c10.353 0 18.732-8.379 18.732-18.732s-8.379-18.732-18.732-18.732-18.732 8.38-18.732 18.732c0 10.353 8.38 18.732 18.732 18.732Zm12.845 5.352h-1.388c-3.479 1.673-7.343 2.677-11.457 2.677-4.114 0-7.961-1.004-11.457-2.677h-1.388c-10.637 0-19.268 8.63-19.268 19.268v4.817a8.03 8.03 0 0 0 8.029 8.028h48.168a8.03 8.03 0 0 0 8.029-8.028v-4.817c0-10.637-8.63-19.268-19.268-19.268Zm35.324-5.352c8.864 0 16.056-7.192 16.056-16.056s-7.192-16.056-16.056-16.056-16.056 7.192-16.056 16.056 7.192 16.056 16.056 16.056Zm8.028 5.352h-.635c-2.325.803-4.784 1.339-7.393 1.339-2.61 0-5.068-.536-7.393-1.339h-.635c-3.412 0-6.557.987-9.316 2.576 4.08 4.399 6.64 10.236 6.64 16.692v6.423c0 .368-.084.719-.1 1.07h29.536a8.03 8.03 0 0 0 8.028-8.028c0-10.353-8.379-18.733-18.732-18.733Z\" fill=\"#fff\" fill-rule=\"evenodd\" data-name=\"Icon awesome-user-friends\"><\/path><\/svg>\t\t\t\t<\/span>\n\t\t\t<\/div>\n\t\t\t\n\t\t\t\t\t\t<div class=\"elementor-icon-box-content\">\n\n\t\t\t\t\t\t\t\t\t<h3 class=\"elementor-icon-box-title\">\n\t\t\t\t\t\t<span  >\n\t\t\t\t\t\t\tAmb un EQUIP HUM\u00c0 excel\u00b7lent i professional\t\t\t\t\t\t<\/span>\n\t\t\t\t\t<\/h3>\n\t\t\t\t\n\t\t\t\t\n\t\t\t<\/div>\n\t\t\t\n\t\t<\/div>\n\t\t\t\t\t\t<\/div>\n\t\t\t\t<\/div>\n\t\t\t\t<\/div>\n\t\t<div class=\"elementor-element elementor-element-6e78b608 e-con-full e-flex e-con e-child\" data-id=\"6e78b608\" data-element_type=\"container\" data-e-type=\"container\">\n\t\t\t\t<div class=\"elementor-element elementor-element-57e75bd5 elementor-align-left elementor-widget__width-auto elementor-widget elementor-widget-button\" data-id=\"57e75bd5\" data-element_type=\"widget\" data-e-type=\"widget\" data-widget_type=\"button.default\">\n\t\t\t\t<div class=\"elementor-widget-container\">\n\t\t\t\t\t\t\t\t\t<div class=\"elementor-button-wrapper\">\n\t\t\t\t\t<a class=\"elementor-button elementor-button-link elementor-size-sm\" href=\"http:\/\/vitalkenko.com\/ca\/pedir-cita\/\">\n\t\t\t\t\t\t<span class=\"elementor-button-content-wrapper\">\n\t\t\t\t\t\t\t\t\t<span class=\"elementor-button-text\">Demanar cita ara<\/span>\n\t\t\t\t\t<\/span>\n\t\t\t\t\t<\/a>\n\t\t\t\t<\/div>\n\t\t\t\t\t\t\t\t<\/div>\n\t\t\t\t<\/div>\n\t\t\t\t<div class=\"elementor-element elementor-element-119ca6a1 elementor-align-left elementor-widget__width-auto elementor-widget elementor-widget-button\" data-id=\"119ca6a1\" data-element_type=\"widget\" data-e-type=\"widget\" data-widget_type=\"button.default\">\n\t\t\t\t<div class=\"elementor-widget-container\">\n\t\t\t\t\t\t\t\t\t<div class=\"elementor-button-wrapper\">\n\t\t\t\t\t<a class=\"elementor-button elementor-button-link elementor-size-sm\" href=\"http:\/\/vitalkenko.com\/ca\/sobre-nosotros\/#donde\">\n\t\t\t\t\t\t<span class=\"elementor-button-content-wrapper\">\n\t\t\t\t\t\t\t\t\t<span class=\"elementor-button-text\"> On som?<\/span>\n\t\t\t\t\t<\/span>\n\t\t\t\t\t<\/a>\n\t\t\t\t<\/div>\n\t\t\t\t\t\t\t\t<\/div>\n\t\t\t\t<\/div>\n\t\t\t\t<\/div>\n\t\t\t\t<\/div>\n\t\t\t\t<\/div>\n\t\t\t\t<\/div>","protected":false},"excerpt":{"rendered":"<p>Pediatr\u00eda Realice su visita de pediatr\u00eda en los centros Vitalkenko Pedir cita 900 060 232 Visita m\u00e9dica En nuestro centro m\u00e9dico, la Pediatr\u00eda es esencial para el cuidado integral de la salud infantil. Nuestro equipo de pediatras especializados ofrece atenci\u00f3n de alta calidad para ni\u00f1os desde el nacimiento hasta la adolescencia. Servicios Principales Ex\u00e1menes de [&hellip;]<\/p>\n","protected":false},"author":1,"featured_media":0,"parent":0,"menu_order":0,"comment_status":"closed","ping_status":"closed","template":"","meta":{"om_disable_all_campaigns":false,"footnotes":""},"class_list":["post-1053","page","type-page","status-publish","hentry"],"yoast_head":"<!-- This site is optimized with the Yoast SEO plugin v27.4 - https:\/\/yoast.com\/product\/yoast-seo-wordpress\/ -->\n<title>Cuidado Pedi\u00e1trico Integral | Vitalkenko<\/title>\n<meta name=\"description\" content=\"Ofrecemos cuidado pedi\u00e1trico integral en Vitalkenko. Nuestros servicios incluyen ex\u00e1menes de salud infantil, vacunaciones, diagn\u00f3stico y tratamiento de enfermedades, y asesoramiento en nutrici\u00f3n y desarrollo. Asegura el bienestar f\u00edsico y emocional de tu hijo con nuestros especialistas. Agenda tu cita hoy.\" \/>\n<meta name=\"robots\" content=\"index, follow, max-snippet:-1, max-image-preview:large, max-video-preview:-1\" \/>\n<link rel=\"canonical\" href=\"https:\/\/vitalkenko.com\/ca\/pediatria\/\" \/>\n<meta property=\"og:locale\" content=\"ca_ES\" \/>\n<meta property=\"og:type\" content=\"article\" \/>\n<meta property=\"og:title\" content=\"Cuidado Pedi\u00e1trico Integral | Vitalkenko\" \/>\n<meta property=\"og:description\" content=\"Ofrecemos cuidado pedi\u00e1trico integral en Vitalkenko. Nuestros servicios incluyen ex\u00e1menes de salud infantil, vacunaciones, diagn\u00f3stico y tratamiento de enfermedades, y asesoramiento en nutrici\u00f3n y desarrollo. Asegura el bienestar f\u00edsico y emocional de tu hijo con nuestros especialistas. Agenda tu cita hoy.\" \/>\n<meta property=\"og:url\" content=\"https:\/\/vitalkenko.com\/ca\/pediatria\/\" \/>\n<meta property=\"og:site_name\" content=\"Vitalkenko\" \/>\n<meta property=\"article:modified_time\" content=\"2024-08-19T22:44:03+00:00\" \/>\n<meta name=\"twitter:card\" content=\"summary_large_image\" \/>\n<meta name=\"twitter:label1\" content=\"Temps estimat de lectura\" \/>\n\t<meta name=\"twitter:data1\" content=\"1 minut\" \/>\n<script type=\"application\/ld+json\" class=\"yoast-schema-graph\">{\"@context\":\"https:\\\/\\\/schema.org\",\"@graph\":[{\"@type\":\"WebPage\",\"@id\":\"https:\\\/\\\/vitalkenko.com\\\/pediatria\\\/\",\"url\":\"https:\\\/\\\/vitalkenko.com\\\/pediatria\\\/\",\"name\":\"Cuidado Pedi\u00e1trico Integral | Vitalkenko\",\"isPartOf\":{\"@id\":\"https:\\\/\\\/vitalkenko.com\\\/#website\"},\"datePublished\":\"2024-08-12T08:23:50+00:00\",\"dateModified\":\"2024-08-19T22:44:03+00:00\",\"description\":\"Ofrecemos cuidado pedi\u00e1trico integral en Vitalkenko. Nuestros servicios incluyen ex\u00e1menes de salud infantil, vacunaciones, diagn\u00f3stico y tratamiento de enfermedades, y asesoramiento en nutrici\u00f3n y desarrollo. Asegura el bienestar f\u00edsico y emocional de tu hijo con nuestros especialistas. Agenda tu cita hoy.\",\"breadcrumb\":{\"@id\":\"https:\\\/\\\/vitalkenko.com\\\/pediatria\\\/#breadcrumb\"},\"inLanguage\":\"ca\",\"potentialAction\":[{\"@type\":\"ReadAction\",\"target\":[\"https:\\\/\\\/vitalkenko.com\\\/pediatria\\\/\"]}]},{\"@type\":\"BreadcrumbList\",\"@id\":\"https:\\\/\\\/vitalkenko.com\\\/pediatria\\\/#breadcrumb\",\"itemListElement\":[{\"@type\":\"ListItem\",\"position\":1,\"name\":\"Portada\",\"item\":\"https:\\\/\\\/vitalkenko.com\\\/\"},{\"@type\":\"ListItem\",\"position\":2,\"name\":\"Pediatr\u00eda\"}]},{\"@type\":\"WebSite\",\"@id\":\"https:\\\/\\\/vitalkenko.com\\\/#website\",\"url\":\"https:\\\/\\\/vitalkenko.com\\\/\",\"name\":\"Vitalkenko\",\"description\":\"Revisiones y especialidades m\u00e9dicas\",\"publisher\":{\"@id\":\"https:\\\/\\\/vitalkenko.com\\\/#organization\"},\"potentialAction\":[{\"@type\":\"SearchAction\",\"target\":{\"@type\":\"EntryPoint\",\"urlTemplate\":\"https:\\\/\\\/vitalkenko.com\\\/?s={search_term_string}\"},\"query-input\":{\"@type\":\"PropertyValueSpecification\",\"valueRequired\":true,\"valueName\":\"search_term_string\"}}],\"inLanguage\":\"ca\"},{\"@type\":\"Organization\",\"@id\":\"https:\\\/\\\/vitalkenko.com\\\/#organization\",\"name\":\"Vitalkenko\",\"url\":\"https:\\\/\\\/vitalkenko.com\\\/\",\"logo\":{\"@type\":\"ImageObject\",\"inLanguage\":\"ca\",\"@id\":\"https:\\\/\\\/vitalkenko.com\\\/#\\\/schema\\\/logo\\\/image\\\/\",\"url\":\"https:\\\/\\\/vitalkenko.com\\\/wp-content\\\/uploads\\\/2024\\\/07\\\/Logo.png\",\"contentUrl\":\"https:\\\/\\\/vitalkenko.com\\\/wp-content\\\/uploads\\\/2024\\\/07\\\/Logo.png\",\"width\":441,\"height\":142,\"caption\":\"Vitalkenko\"},\"image\":{\"@id\":\"https:\\\/\\\/vitalkenko.com\\\/#\\\/schema\\\/logo\\\/image\\\/\"}}]}<\/script>\n<!-- \/ Yoast SEO plugin. -->","yoast_head_json":{"title":"Cuidado Pedi\u00e1trico Integral | Vitalkenko","description":"Ofrecemos cuidado pedi\u00e1trico integral en Vitalkenko. Nuestros servicios incluyen ex\u00e1menes de salud infantil, vacunaciones, diagn\u00f3stico y tratamiento de enfermedades, y asesoramiento en nutrici\u00f3n y desarrollo. Asegura el bienestar f\u00edsico y emocional de tu hijo con nuestros especialistas. Agenda tu cita hoy.","robots":{"index":"index","follow":"follow","max-snippet":"max-snippet:-1","max-image-preview":"max-image-preview:large","max-video-preview":"max-video-preview:-1"},"canonical":"https:\/\/vitalkenko.com\/ca\/pediatria\/","og_locale":"ca_ES","og_type":"article","og_title":"Cuidado Pedi\u00e1trico Integral | Vitalkenko","og_description":"Ofrecemos cuidado pedi\u00e1trico integral en Vitalkenko. Nuestros servicios incluyen ex\u00e1menes de salud infantil, vacunaciones, diagn\u00f3stico y tratamiento de enfermedades, y asesoramiento en nutrici\u00f3n y desarrollo. Asegura el bienestar f\u00edsico y emocional de tu hijo con nuestros especialistas. Agenda tu cita hoy.","og_url":"https:\/\/vitalkenko.com\/ca\/pediatria\/","og_site_name":"Vitalkenko","article_modified_time":"2024-08-19T22:44:03+00:00","twitter_card":"summary_large_image","twitter_misc":{"Temps estimat de lectura":"1 minut"},"schema":{"@context":"https:\/\/schema.org","@graph":[{"@type":"WebPage","@id":"https:\/\/vitalkenko.com\/pediatria\/","url":"https:\/\/vitalkenko.com\/pediatria\/","name":"Cuidado Pedi\u00e1trico Integral | Vitalkenko","isPartOf":{"@id":"https:\/\/vitalkenko.com\/#website"},"datePublished":"2024-08-12T08:23:50+00:00","dateModified":"2024-08-19T22:44:03+00:00","description":"Ofrecemos cuidado pedi\u00e1trico integral en Vitalkenko. Nuestros servicios incluyen ex\u00e1menes de salud infantil, vacunaciones, diagn\u00f3stico y tratamiento de enfermedades, y asesoramiento en nutrici\u00f3n y desarrollo. Asegura el bienestar f\u00edsico y emocional de tu hijo con nuestros especialistas. Agenda tu cita hoy.","breadcrumb":{"@id":"https:\/\/vitalkenko.com\/pediatria\/#breadcrumb"},"inLanguage":"ca","potentialAction":[{"@type":"ReadAction","target":["https:\/\/vitalkenko.com\/pediatria\/"]}]},{"@type":"BreadcrumbList","@id":"https:\/\/vitalkenko.com\/pediatria\/#breadcrumb","itemListElement":[{"@type":"ListItem","position":1,"name":"Portada","item":"https:\/\/vitalkenko.com\/"},{"@type":"ListItem","position":2,"name":"Pediatr\u00eda"}]},{"@type":"WebSite","@id":"https:\/\/vitalkenko.com\/#website","url":"https:\/\/vitalkenko.com\/","name":"Vitalkenko","description":"Revisions i especialitats m\u00e8diques","publisher":{"@id":"https:\/\/vitalkenko.com\/#organization"},"potentialAction":[{"@type":"SearchAction","target":{"@type":"EntryPoint","urlTemplate":"https:\/\/vitalkenko.com\/?s={search_term_string}"},"query-input":{"@type":"PropertyValueSpecification","valueRequired":true,"valueName":"search_term_string"}}],"inLanguage":"ca"},{"@type":"Organization","@id":"https:\/\/vitalkenko.com\/#organization","name":"Vitalkenko","url":"https:\/\/vitalkenko.com\/","logo":{"@type":"ImageObject","inLanguage":"ca","@id":"https:\/\/vitalkenko.com\/#\/schema\/logo\/image\/","url":"https:\/\/vitalkenko.com\/wp-content\/uploads\/2024\/07\/Logo.png","contentUrl":"https:\/\/vitalkenko.com\/wp-content\/uploads\/2024\/07\/Logo.png","width":441,"height":142,"caption":"Vitalkenko"},"image":{"@id":"https:\/\/vitalkenko.com\/#\/schema\/logo\/image\/"}}]}},"_links":{"self":[{"href":"http:\/\/vitalkenko.com\/ca\/wp-json\/wp\/v2\/pages\/1053","targetHints":{"allow":["GET"]}}],"collection":[{"href":"http:\/\/vitalkenko.com\/ca\/wp-json\/wp\/v2\/pages"}],"about":[{"href":"http:\/\/vitalkenko.com\/ca\/wp-json\/wp\/v2\/types\/page"}],"author":[{"embeddable":true,"href":"http:\/\/vitalkenko.com\/ca\/wp-json\/wp\/v2\/users\/1"}],"replies":[{"embeddable":true,"href":"http:\/\/vitalkenko.com\/ca\/wp-json\/wp\/v2\/comments?post=1053"}],"version-history":[{"count":5,"href":"http:\/\/vitalkenko.com\/ca\/wp-json\/wp\/v2\/pages\/1053\/revisions"}],"predecessor-version":[{"id":1342,"href":"http:\/\/vitalkenko.com\/ca\/wp-json\/wp\/v2\/pages\/1053\/revisions\/1342"}],"wp:attachment":[{"href":"http:\/\/vitalkenko.com\/ca\/wp-json\/wp\/v2\/media?parent=1053"}],"curies":[{"name":"wp","href":"https:\/\/api.w.org\/{rel}","templated":true}]}}