{"id":1240,"date":"2024-08-19T18:44:26","date_gmt":"2024-08-19T18:44:26","guid":{"rendered":"http:\/\/vitalkenko.com\/?page_id=1240"},"modified":"2024-08-19T18:50:25","modified_gmt":"2024-08-19T18:50:25","slug":"aviso-legal","status":"publish","type":"page","link":"http:\/\/vitalkenko.com\/ca\/aviso-legal\/","title":{"rendered":"Av\u00eds legal"},"content":{"rendered":"<div data-elementor-type=\"wp-page\" data-elementor-id=\"1240\" class=\"elementor elementor-1240\" data-elementor-post-type=\"page\">\n\t\t\t\t<div class=\"elementor-element elementor-element-6988467 e-con-full e-flex e-con e-parent\" data-id=\"6988467\" data-element_type=\"container\" data-e-type=\"container\" data-settings=\"{&quot;background_background&quot;:&quot;classic&quot;}\">\n\t\t<div class=\"elementor-element elementor-element-c4560b8 e-con-full e-flex e-con e-child\" data-id=\"c4560b8\" data-element_type=\"container\" data-e-type=\"container\" data-settings=\"{&quot;background_background&quot;:&quot;classic&quot;}\">\n\t\t\t\t<div class=\"elementor-element elementor-element-e858ac8 elementor-widget elementor-widget-heading\" data-id=\"e858ac8\" data-element_type=\"widget\" data-e-type=\"widget\" data-widget_type=\"heading.default\">\n\t\t\t\t<div class=\"elementor-widget-container\">\n\t\t\t\t\t<h2 class=\"elementor-heading-title elementor-size-default\">Av\u00eds legal<\/h2>\t\t\t\t<\/div>\n\t\t\t\t<\/div>\n\t\t\t\t<\/div>\n\t\t\t\t<\/div>\n\t\t<div class=\"elementor-element elementor-element-0f475bd e-flex e-con-boxed e-con e-parent\" data-id=\"0f475bd\" data-element_type=\"container\" data-e-type=\"container\">\n\t\t\t\t\t<div class=\"e-con-inner\">\n\t\t\t\t<div class=\"elementor-element elementor-element-2c5fafd elementor-widget elementor-widget-text-editor\" data-id=\"2c5fafd\" data-element_type=\"widget\" data-e-type=\"widget\" data-widget_type=\"text-editor.default\">\n\t\t\t\t<div class=\"elementor-widget-container\">\n\t\t\t\t\t\t\t\t\t<p><strong>AV\u00cdS LEGAL<\/strong><br \/><strong>LLEI DELS SERVEIS DE LA SOCIETAT DE LA INFORMACI\u00d3 (LSSI)<\/strong><\/p><p><strong>GRUPO VITALKENKO MEDICAL SL<\/strong>, responsable del Lloc web, d'ara endavant <strong>GRUPO VITALKENKO<\/strong> o <strong>Lloc Web<\/strong>, posa a la disposici\u00f3 dels usuaris el present document, amb el qual pret\u00e9n donar compliment a les obligacions disposades en la Llei 34\/2002, d'11 de juliol, de Serveis de la Societat de la Informaci\u00f3 i de Comer\u00e7 Electr\u00f2nic (LSSICE), BOE N\u00fam. 166, aix\u00ed com informar a tots els usuaris del Lloc web respecte a quins s\u00f3n les condicions d'\u00fas.<\/p><p>Tota persona que accedeixi a aquest Lloc web assumeix el paper d'USUARI, comprometent-se a l'observan\u00e7a i compliment rigor\u00f3s de les disposicions aqu\u00ed disposades, aix\u00ed com a qualsevol altra disposici\u00f3 legal que fos aplicable.<\/p><p><strong>GRUPO VITALKENKO<\/strong> es reserva el dret de modificar qualsevol tipus d'informaci\u00f3 que pogu\u00e9s apar\u00e8ixer en el Lloc web, sense que existeixi obligaci\u00f3 de preavisar o posar en coneixement dels usuaris aquestes modificacions, entenent-se com a suficient la publicaci\u00f3 en <a href=\"http:\/\/vitalkenko.com\/ca\/\" target=\"_new\" rel=\"noopener\">www.vitalkenko.com<\/a>.<\/p><h3>CONDICIONS GENERALS D'USO<\/h3><h4>1. Dades identificatives<\/h4><ul><li>Nom del domini: <a href=\"http:\/\/vitalkenko.com\/ca\/\" target=\"_new\" rel=\"noopener\">www.vitalkenko.com<\/a><\/li><li>Denominaci\u00f3 social: GRUPO VITALKENKO MEDICAL SL<\/li><li>NIF: B16481764<\/li><li>Domicili social: Carrer Salvador Dal\u00ed, 10, Oficina 8, 43205, Reus (Tarragona), Espanya.<\/li><li>Activitat social: Comercialitzaci\u00f3 de productes m\u00e8dics.<\/li><li>Tel\u00e8fon de contacte: (proporciona'l si \u00e9s necessari)<\/li><li>Email de contacte: (proporciona'l si \u00e9s necessari)<\/li><\/ul><h4>2. Drets de propietat intelectual<\/h4><p>El Lloc web, incloent-hi t\u00edtol enunciatiu per\u00f2 no limitatiu la seva programaci\u00f3, edici\u00f3, compilaci\u00f3 i altres elements necessaris per al seu funcionament, dissenys, logotips, text i\/o gr\u00e0fics, s\u00f3n propietat de <strong>GRUPO VITALKENKO<\/strong> o disposa de llic\u00e8ncia o autoritzaci\u00f3 expressa per part dels autors. Tots els continguts del Lloc web es troben degudament protegits per la normativa de propietat intel\u00b7lectual i industrial, aix\u00ed com inscrits en els registres p\u00fablics corresponents.<\/p><p>Independentment de la finalitat per a la qual fossin destinats, la reproducci\u00f3 total o parcial, \u00fas, explotaci\u00f3, distribuci\u00f3 i comercialitzaci\u00f3, requereix en tot cas l'autoritzaci\u00f3 escrita pr\u00e8via per part de <strong>GRUPO VITALKENKO<\/strong>. Qualsevol \u00fas no autoritzat pr\u00e8viament es considera un incompliment greu dels drets de propietat intel\u00b7lectual o industrial de l'autor.<\/p><p>Els dissenys, logotips, text i\/o gr\u00e0fics aliens al RESPONSABLE i que poguessin apar\u00e8ixer en el Lloc web, pertanyen als seus respectius propietaris, sent ells mateixos responsables de qualsevol possible controv\u00e8rsia que pogu\u00e9s suscitar-se respecte a aquests. El RESPONSABLE autoritza expressament al fet que tercers puguin redirigir directament als continguts concrets del Lloc web, i en tot cas redirigir al Lloc web principal de <a href=\"http:\/\/vitalkenko.com\/ca\/\" target=\"_new\" rel=\"noopener\">www.vitalkenko.com<\/a>.<\/p><p><strong>GRUPO VITALKENKO<\/strong> reconeix a favor dels seus titulars els corresponents drets de propietat intel\u00b7lectual i industrial, no implicant el seu sol esment o aparici\u00f3 en el Lloc web l'exist\u00e8ncia de drets o cap responsabilitat sobre aquests, com tampoc suport, patrocini o recomanaci\u00f3 per part d'aquest.<\/p><p>Per a realitzar qualsevol tipus d'observaci\u00f3 respecte a possibles incompliments dels drets de propietat intel\u00b7lectual o industrial, aix\u00ed com sobre qualsevol dels continguts del Lloc web, pot fer-lo a trav\u00e9s del correu electr\u00f2nic (proporciona'l si \u00e9s necessari).<\/p><p>Els continguts subministrats per <strong>GRUPO VITALKENKO<\/strong> estan subjectes als drets de propietat intel\u00b7lectual i s\u00f3n titularitat exclusiva de <strong>GRUPO VITALKENKO<\/strong> o de les persones f\u00edsiques o jur\u00eddiques que s'informi. Mitjan\u00e7ant l'adquisici\u00f3 d'un producte o servei, <strong>GRUPO VITALKENKO<\/strong> no confereix a l'adquirent cap dret d'alteraci\u00f3, explotaci\u00f3, reproducci\u00f3, distribuci\u00f3 o comunicaci\u00f3 p\u00fablica sobre aquest, reservant-se <strong>GRUPO VITALKENKO<\/strong> tots aquests drets. La cessi\u00f3 dels citats drets precisar\u00e0 el previ consentiment per escrit per part del titular d'aquests, de manera que l'USUARI no podr\u00e0 posar a la disposici\u00f3 de terceres persones aquests continguts. La propietat intel\u00b7lectual s'est\u00e9n, a m\u00e9s del contingut incl\u00f2s en <a href=\"http:\/\/vitalkenko.com\/ca\/\" target=\"_new\" rel=\"noopener\">www.vitalkenko.com<\/a>, als seus gr\u00e0fics, logotips, dissenys, imatges i codis font utilitzats per a la seva programaci\u00f3.<\/p><p><strong>GRUPO VITALKENKO<\/strong> ha obtingut la informaci\u00f3 i els materials inclosos en la web de fonts considerades com a fiables i, si b\u00e9 s'han pres mesures raonables per a assegurar-se que la informaci\u00f3 continguda sigui la correcta, <strong>GRUPO VITALKENKO<\/strong> no pot garantir que en tot moment i circumst\u00e0ncia aquesta informaci\u00f3 sigui exacta, completa, actualitzada i, conseq\u00fcentment, no ha de confiar-se en ella com si ho fos. <strong>GRUPO VITALKENKO<\/strong> declina expressament qualsevol responsabilitat sobre els continguts de tercers enlla\u00e7ats en els propis o sobre el contingut de f\u00f2rums, xats, comentaris, xarxes socials, etc.<\/p><p><strong>GRUPO VITALKENKO<\/strong> informa que no concedeix llic\u00e8ncia o cap autoritzaci\u00f3 impl\u00edcita sobre els drets de propietat intel\u00b7lectual i\/o industrial o sobre qualsevol altre dret o propietat relacionada, directament o indirectament, amb els continguts inclosos en el Lloc web.<\/p><h4>3. Acc\u00e9s i estada en el Lloc web<\/h4><p>L'USUARI \u00e9s \u00edntegrament responsable de la seva conducta en accedir a la informaci\u00f3 de la web, mentre navegui en aquesta, aix\u00ed com despr\u00e9s d'haver accedit. L'usuari de la web es compromet a observar diligent i fidelment les recomanacions que en el seu moment estableixi <strong>GRUPO VITALKENKO<\/strong> relativa a l'\u00fas del Lloc web. A aquest efecte, <strong>GRUPO VITALKENKO<\/strong> es dirigir\u00e0 als usuaris del seu web mitjan\u00e7ant qualsevol mitj\u00e0 de comunicaci\u00f3 establert en el seu Lloc Web <a href=\"http:\/\/vitalkenko.com\/ca\/\" target=\"_new\" rel=\"noopener\">www.vitalkenko.com<\/a>.<\/p><p>L'USUARI es compromet a no utilitzar qualsevol dels continguts que <strong>GRUPO VITALKENKO<\/strong> posi a la seva disposici\u00f3, elaborat o no per <strong>GRUPO VITALKENKO<\/strong>, publicat o no sota el seu nom de manera oficial, per a desenvolupar activitats contr\u00e0ries a les lleis, a la moral o a l'ordre p\u00fablic. Els qui accedeixin a <a href=\"http:\/\/vitalkenko.com\/ca\/\" target=\"_new\" rel=\"noopener\">www.vitalkenko.com<\/a> han d'observar la legislaci\u00f3 aplicable, els codis \u00e8tics o de conducta que poguessin subscriure's, i les normes generals d'\u00fas de la web. Conforme a aquests, s'abstindran de realitzar qualsevol tipus d'actuaci\u00f3 en perjudici de <strong>GRUPO VITALKENKO<\/strong>. L'USUARI respondr\u00e0 dels danys i perjudicis que <strong>GRUPO VITALKENKO<\/strong> pugui sofrir a conseq\u00fc\u00e8ncia de l'incompliment de qualsevol de les obligacions aqu\u00ed determinades.<\/p><p><strong>GRUPO VITALKENKO<\/strong> es reserva el dret a actualitzar els continguts quan ho estimi convenient, aix\u00ed com a eliminar-los, limitar-los o impedir l'acc\u00e9s a ells, de manera temporal o definitiva, aix\u00ed com denegar l'acc\u00e9s a la web a usuaris que facin un mal \u00fas dels continguts i\/o incompleixin qualsevol de les condicions que apareixen en les presents Condicions Generals d'\u00das.<\/p><p><strong>GRUPO VITALKENKO<\/strong> informa que no garanteix que l'acc\u00e9s al Lloc web sigui ininterromput o lliure d'error. Tampoc garanteix que el contingut o programari al qual els usuaris accedeixin a trav\u00e9s de la web o de les web d'enlla\u00e7 no contingui cap error, virus inform\u00e0tic o altres elements en els continguts que puguin produir alteracions en el seu sistema o en els documents electr\u00f2nics i fitxers emmagatzemats en el seu sistema inform\u00e0tic o causi un altre tipus de mal.<\/p><h4>4. Exempci\u00f3 de responsabilitats<\/h4><h5>Sobre els continguts<\/h5><p><strong>GRUPO VITALKENKO<\/strong> no garanteix l'exactitud de la informaci\u00f3 continguda en les fotografies i il\u00b7lustracions facilitades pels seus col\u00b7laboradors i, per conseg\u00fcent, no assumeix cap responsabilitat sobre la possible inexactitud d'aquestes. En cas d'error accidental en l'atribuci\u00f3 d'autoria intel\u00b7lectual d'imatges o textos, <strong>GRUPO VITALKENKO<\/strong> procedir\u00e0 amb la major dilig\u00e8ncia possible a l'esmena d'aquest error. <strong>GRUPO VITALKENKO<\/strong> rebutja qualsevol responsabilitat sobre la informaci\u00f3 no elaborada directament per <strong>GRUPO VITALKENKO<\/strong> o no publicada de forma autoritzada per ella sota el seu nom, igual que rebutja la responsabilitat que es derivi de la mala utilitzaci\u00f3 dels continguts, aix\u00ed com es reserva el dret a actualitzar-los, eliminar-los, limitar-los o impedir l'acc\u00e9s a ells de manera temporal o definitiva.<\/p><p><strong>GRUPO VITALKENKO<\/strong> s'eximeix de qualsevol tipus de responsabilitat derivada de la informaci\u00f3 publicada en el seu Lloc web sempre que no tingui coneixement efectiu que aquesta informaci\u00f3 hagi estat manipulada o introdu\u00efda per un tercer ali\u00e8 al mateix o, si ho t\u00e9, hagi actuat amb dilig\u00e8ncia per a retirar les dades o fer impossible l'acc\u00e9s a ells.<\/p><p><strong>GRUPO VITALKENKO<\/strong> s'eximeix de qualsevol responsabilitat respecte a qualsevol decisi\u00f3 adoptada per l'USUARI a conseq\u00fc\u00e8ncia de la informaci\u00f3 continguda en el Lloc Web.<\/p><h5>Sobre els enlla\u00e7os<\/h5><p>Las p\u00e0gines d'Internet de <strong>GRUPO VITALKENKO<\/strong> poden contenir enlla\u00e7os (links) a altres p\u00e0gines de tercers, sent el seu esment en el Lloc web merament informativa. Per tant, <strong>GRUPO VITALKENKO<\/strong> no es responsabilitza dels continguts ni de les activitats comercials, productes i serveis inclosos i oferts en ells, ni per qualsevol mal derivat del seu \u00fas, perqu\u00e8 la persona que navega en aquestes webs de tercers s'at\u00e9 als termes d'\u00fas de cadascuna d'elles.<\/p><h5>Sobre la disponibilitat del Lloc Web<\/h5><p><strong>GRUPO VITALKENKO<\/strong> es compromet a fer tot el possible per a garantir la disponibilitat cont\u00ednua del Lloc Web i dels seus serveis, no obstant aix\u00f2, no es responsabilitza dels danys o perjudicis de qualsevol naturalesa que puguin causar-se per fallades t\u00e8cniques, la interrupci\u00f3 temporal del servei, la pres\u00e8ncia de virus, o qualsevol altra circumst\u00e0ncia aliena al Lloc Web.<\/p><h4>5. Llei aplicable y jurisdicci\u00f3<\/h4><p>Per a la resoluci\u00f3 de totes les controv\u00e8rsies o q\u00fcestions relacionades amb el present Lloc web o de les activitats en ell desenvolupades, ser\u00e0 aplicable la legislaci\u00f3 espanyola, a la qual se sotmeten expressament les parts, sent competents per a la resoluci\u00f3 de tots els conflictes derivats o relacionats amb el seu \u00fas els Jutjats i Tribunals de Tarragona (Espanya).<\/p>\t\t\t\t\t\t\t\t<\/div>\n\t\t\t\t<\/div>\n\t\t\t\t\t<\/div>\n\t\t\t\t<\/div>\n\t\t\t\t<\/div>","protected":false},"excerpt":{"rendered":"<p>Aviso Legal AVISO LEGALLEY DE LOS SERVICIOS DE LA SOCIEDAD DE LA INFORMACI\u00d3N (LSSI) GRUPO VITALKENKO MEDICAL SL, responsable del Sitio Web, en adelante GRUPO VITALKENKO o Sitio Web, pone a disposici\u00f3n de los usuarios el presente documento, con el que pretende dar cumplimiento a las obligaciones dispuestas en la Ley 34\/2002, de 11 de [&hellip;]<\/p>\n","protected":false},"author":1,"featured_media":0,"parent":0,"menu_order":0,"comment_status":"closed","ping_status":"closed","template":"","meta":{"om_disable_all_campaigns":false,"footnotes":""},"class_list":["post-1240","page","type-page","status-publish","hentry"],"yoast_head":"<!-- This site is optimized with the Yoast SEO plugin v27.4 - https:\/\/yoast.com\/product\/yoast-seo-wordpress\/ -->\n<title>Aviso legal - Vitalkenko<\/title>\n<meta name=\"robots\" content=\"index, follow, max-snippet:-1, max-image-preview:large, max-video-preview:-1\" \/>\n<link rel=\"canonical\" href=\"https:\/\/vitalkenko.com\/ca\/aviso-legal\/\" \/>\n<meta property=\"og:locale\" content=\"ca_ES\" \/>\n<meta property=\"og:type\" content=\"article\" \/>\n<meta property=\"og:title\" content=\"Aviso legal - Vitalkenko\" \/>\n<meta property=\"og:description\" content=\"Aviso Legal AVISO LEGALLEY DE LOS SERVICIOS DE LA SOCIEDAD DE LA INFORMACI\u00d3N (LSSI) GRUPO VITALKENKO MEDICAL SL, responsable del Sitio Web, en adelante GRUPO VITALKENKO o Sitio Web, pone a disposici\u00f3n de los usuarios el presente documento, con el que pretende dar cumplimiento a las obligaciones dispuestas en la Ley 34\/2002, de 11 de [&hellip;]\" \/>\n<meta property=\"og:url\" content=\"https:\/\/vitalkenko.com\/ca\/aviso-legal\/\" \/>\n<meta property=\"og:site_name\" content=\"Vitalkenko\" \/>\n<meta property=\"article:modified_time\" content=\"2024-08-19T18:50:25+00:00\" \/>\n<meta name=\"twitter:card\" content=\"summary_large_image\" \/>\n<meta name=\"twitter:label1\" content=\"Temps estimat de lectura\" \/>\n\t<meta name=\"twitter:data1\" content=\"8 minuts\" \/>\n<script type=\"application\/ld+json\" class=\"yoast-schema-graph\">{\"@context\":\"https:\\\/\\\/schema.org\",\"@graph\":[{\"@type\":\"WebPage\",\"@id\":\"https:\\\/\\\/vitalkenko.com\\\/aviso-legal\\\/\",\"url\":\"https:\\\/\\\/vitalkenko.com\\\/aviso-legal\\\/\",\"name\":\"Aviso legal - Vitalkenko\",\"isPartOf\":{\"@id\":\"https:\\\/\\\/vitalkenko.com\\\/#website\"},\"datePublished\":\"2024-08-19T18:44:26+00:00\",\"dateModified\":\"2024-08-19T18:50:25+00:00\",\"breadcrumb\":{\"@id\":\"https:\\\/\\\/vitalkenko.com\\\/aviso-legal\\\/#breadcrumb\"},\"inLanguage\":\"ca\",\"potentialAction\":[{\"@type\":\"ReadAction\",\"target\":[\"https:\\\/\\\/vitalkenko.com\\\/aviso-legal\\\/\"]}]},{\"@type\":\"BreadcrumbList\",\"@id\":\"https:\\\/\\\/vitalkenko.com\\\/aviso-legal\\\/#breadcrumb\",\"itemListElement\":[{\"@type\":\"ListItem\",\"position\":1,\"name\":\"Portada\",\"item\":\"https:\\\/\\\/vitalkenko.com\\\/\"},{\"@type\":\"ListItem\",\"position\":2,\"name\":\"Aviso legal\"}]},{\"@type\":\"WebSite\",\"@id\":\"https:\\\/\\\/vitalkenko.com\\\/#website\",\"url\":\"https:\\\/\\\/vitalkenko.com\\\/\",\"name\":\"Vitalkenko\",\"description\":\"Revisiones y especialidades m\u00e9dicas\",\"publisher\":{\"@id\":\"https:\\\/\\\/vitalkenko.com\\\/#organization\"},\"potentialAction\":[{\"@type\":\"SearchAction\",\"target\":{\"@type\":\"EntryPoint\",\"urlTemplate\":\"https:\\\/\\\/vitalkenko.com\\\/?s={search_term_string}\"},\"query-input\":{\"@type\":\"PropertyValueSpecification\",\"valueRequired\":true,\"valueName\":\"search_term_string\"}}],\"inLanguage\":\"ca\"},{\"@type\":\"Organization\",\"@id\":\"https:\\\/\\\/vitalkenko.com\\\/#organization\",\"name\":\"Vitalkenko\",\"url\":\"https:\\\/\\\/vitalkenko.com\\\/\",\"logo\":{\"@type\":\"ImageObject\",\"inLanguage\":\"ca\",\"@id\":\"https:\\\/\\\/vitalkenko.com\\\/#\\\/schema\\\/logo\\\/image\\\/\",\"url\":\"https:\\\/\\\/vitalkenko.com\\\/wp-content\\\/uploads\\\/2024\\\/07\\\/Logo.png\",\"contentUrl\":\"https:\\\/\\\/vitalkenko.com\\\/wp-content\\\/uploads\\\/2024\\\/07\\\/Logo.png\",\"width\":441,\"height\":142,\"caption\":\"Vitalkenko\"},\"image\":{\"@id\":\"https:\\\/\\\/vitalkenko.com\\\/#\\\/schema\\\/logo\\\/image\\\/\"}}]}<\/script>\n<!-- \/ Yoast SEO plugin. -->","yoast_head_json":{"title":"Aviso legal - Vitalkenko","robots":{"index":"index","follow":"follow","max-snippet":"max-snippet:-1","max-image-preview":"max-image-preview:large","max-video-preview":"max-video-preview:-1"},"canonical":"https:\/\/vitalkenko.com\/ca\/aviso-legal\/","og_locale":"ca_ES","og_type":"article","og_title":"Aviso legal - Vitalkenko","og_description":"Aviso Legal AVISO LEGALLEY DE LOS SERVICIOS DE LA SOCIEDAD DE LA INFORMACI\u00d3N (LSSI) GRUPO VITALKENKO MEDICAL SL, responsable del Sitio Web, en adelante GRUPO VITALKENKO o Sitio Web, pone a disposici\u00f3n de los usuarios el presente documento, con el que pretende dar cumplimiento a las obligaciones dispuestas en la Ley 34\/2002, de 11 de [&hellip;]","og_url":"https:\/\/vitalkenko.com\/ca\/aviso-legal\/","og_site_name":"Vitalkenko","article_modified_time":"2024-08-19T18:50:25+00:00","twitter_card":"summary_large_image","twitter_misc":{"Temps estimat de lectura":"8 minuts"},"schema":{"@context":"https:\/\/schema.org","@graph":[{"@type":"WebPage","@id":"https:\/\/vitalkenko.com\/aviso-legal\/","url":"https:\/\/vitalkenko.com\/aviso-legal\/","name":"Aviso legal - Vitalkenko","isPartOf":{"@id":"https:\/\/vitalkenko.com\/#website"},"datePublished":"2024-08-19T18:44:26+00:00","dateModified":"2024-08-19T18:50:25+00:00","breadcrumb":{"@id":"https:\/\/vitalkenko.com\/aviso-legal\/#breadcrumb"},"inLanguage":"ca","potentialAction":[{"@type":"ReadAction","target":["https:\/\/vitalkenko.com\/aviso-legal\/"]}]},{"@type":"BreadcrumbList","@id":"https:\/\/vitalkenko.com\/aviso-legal\/#breadcrumb","itemListElement":[{"@type":"ListItem","position":1,"name":"Portada","item":"https:\/\/vitalkenko.com\/"},{"@type":"ListItem","position":2,"name":"Aviso legal"}]},{"@type":"WebSite","@id":"https:\/\/vitalkenko.com\/#website","url":"https:\/\/vitalkenko.com\/","name":"Vitalkenko","description":"Revisions i especialitats m\u00e8diques","publisher":{"@id":"https:\/\/vitalkenko.com\/#organization"},"potentialAction":[{"@type":"SearchAction","target":{"@type":"EntryPoint","urlTemplate":"https:\/\/vitalkenko.com\/?s={search_term_string}"},"query-input":{"@type":"PropertyValueSpecification","valueRequired":true,"valueName":"search_term_string"}}],"inLanguage":"ca"},{"@type":"Organization","@id":"https:\/\/vitalkenko.com\/#organization","name":"Vitalkenko","url":"https:\/\/vitalkenko.com\/","logo":{"@type":"ImageObject","inLanguage":"ca","@id":"https:\/\/vitalkenko.com\/#\/schema\/logo\/image\/","url":"https:\/\/vitalkenko.com\/wp-content\/uploads\/2024\/07\/Logo.png","contentUrl":"https:\/\/vitalkenko.com\/wp-content\/uploads\/2024\/07\/Logo.png","width":441,"height":142,"caption":"Vitalkenko"},"image":{"@id":"https:\/\/vitalkenko.com\/#\/schema\/logo\/image\/"}}]}},"_links":{"self":[{"href":"http:\/\/vitalkenko.com\/ca\/wp-json\/wp\/v2\/pages\/1240","targetHints":{"allow":["GET"]}}],"collection":[{"href":"http:\/\/vitalkenko.com\/ca\/wp-json\/wp\/v2\/pages"}],"about":[{"href":"http:\/\/vitalkenko.com\/ca\/wp-json\/wp\/v2\/types\/page"}],"author":[{"embeddable":true,"href":"http:\/\/vitalkenko.com\/ca\/wp-json\/wp\/v2\/users\/1"}],"replies":[{"embeddable":true,"href":"http:\/\/vitalkenko.com\/ca\/wp-json\/wp\/v2\/comments?post=1240"}],"version-history":[{"count":5,"href":"http:\/\/vitalkenko.com\/ca\/wp-json\/wp\/v2\/pages\/1240\/revisions"}],"predecessor-version":[{"id":1247,"href":"http:\/\/vitalkenko.com\/ca\/wp-json\/wp\/v2\/pages\/1240\/revisions\/1247"}],"wp:attachment":[{"href":"http:\/\/vitalkenko.com\/ca\/wp-json\/wp\/v2\/media?parent=1240"}],"curies":[{"name":"wp","href":"https:\/\/api.w.org\/{rel}","templated":true}]}}