{"id":22,"date":"2024-07-29T07:23:13","date_gmt":"2024-07-29T07:23:13","guid":{"rendered":"http:\/\/vitalkenko.com\/?page_id=22"},"modified":"2025-06-30T18:42:45","modified_gmt":"2025-06-30T16:42:45","slug":"pedir-cita","status":"publish","type":"page","link":"https:\/\/vitalkenko.com\/ca\/pedir-cita\/","title":{"rendered":"Demanar cita"},"content":{"rendered":"\t\t<div data-elementor-type=\"wp-page\" data-elementor-id=\"22\" class=\"elementor elementor-22\" data-elementor-post-type=\"page\">\n\t\t\t\t<div class=\"elementor-element elementor-element-6988467 e-con-full e-flex e-con e-parent\" data-id=\"6988467\" data-element_type=\"container\" data-e-type=\"container\" data-settings=\"{&quot;background_background&quot;:&quot;classic&quot;}\">\n\t\t<div class=\"elementor-element elementor-element-c4560b8 e-con-full e-flex e-con e-child\" data-id=\"c4560b8\" data-element_type=\"container\" data-e-type=\"container\" data-settings=\"{&quot;background_background&quot;:&quot;classic&quot;}\">\n\t\t\t\t<div class=\"elementor-element elementor-element-e858ac8 elementor-widget elementor-widget-heading\" data-id=\"e858ac8\" data-element_type=\"widget\" data-e-type=\"widget\" data-widget_type=\"heading.default\">\n\t\t\t\t<div class=\"elementor-widget-container\">\n\t\t\t\t\t<h2 class=\"elementor-heading-title elementor-size-default\">Agendar una cita<\/h2>\t\t\t\t<\/div>\n\t\t\t\t<\/div>\n\t\t\t\t<\/div>\n\t\t\t\t<\/div>\n\t\t<div class=\"elementor-element elementor-element-3d97ce0 e-con-full e-flex e-con e-parent\" data-id=\"3d97ce0\" data-element_type=\"container\" data-e-type=\"container\">\n\t\t\t\t<div class=\"elementor-element elementor-element-45b43af elementor-widget elementor-widget-html\" data-id=\"45b43af\" data-element_type=\"widget\" data-e-type=\"widget\" data-widget_type=\"html.default\">\n\t\t\t\t<div class=\"elementor-widget-container\">\n\t\t\t\t\t<iframe src=\"https:\/\/app.simplymeet.me\/vitalkenko?is_widget=1&view=compact\" style=\"width:100%; height:650px;\" frameborder=\"0\" scrolling=\"yes\"><\/iframe>\t\t\t\t<\/div>\n\t\t\t\t<\/div>\n\t\t\t\t<div class=\"elementor-element elementor-element-7bf2084 elementor-widget__width-inherit elementor-hidden-desktop elementor-hidden-tablet elementor-hidden-mobile elementor-widget elementor-widget-shortcode\" data-id=\"7bf2084\" data-element_type=\"widget\" data-e-type=\"widget\" data-widget_type=\"shortcode.default\">\n\t\t\t\t<div class=\"elementor-widget-container\">\n\t\t\t\t\t\t\t<div class=\"elementor-shortcode\">[contact-form-7 id=\"2eeec62\" title=\"Multi Step Form\"]<\/div>\n\t\t\t\t\t\t<\/div>\n\t\t\t\t<\/div>\n\t\t\t\t<\/div>\n\t\t\t\t<\/div>\n\t\t","protected":false},"excerpt":{"rendered":"<p>Agendar una cita [contact-form-7 id=\u00bb2eeec62&#8243; title=\u00bbMulti Step Form\u00bb]<\/p>\n","protected":false},"author":1,"featured_media":0,"parent":0,"menu_order":0,"comment_status":"closed","ping_status":"closed","template":"","meta":{"om_disable_all_campaigns":false,"footnotes":""},"class_list":["post-22","page","type-page","status-publish","hentry"],"yoast_head":"<!-- This site is optimized with the Yoast SEO plugin v27.4 - https:\/\/yoast.com\/product\/yoast-seo-wordpress\/ -->\n<title>Pedir Cita M\u00e9dica | Agenda tu Consulta en Vitalkenko<\/title>\n<meta name=\"description\" content=\"Solicita tu cita m\u00e9dica en Vitalkenko f\u00e1cilmente. Elige el centro, la fecha y la hora que prefieras, e ingresa tu nombre y correo electr\u00f3nico para confirmar. Disfruta de un proceso r\u00e1pido y eficiente para reservar tu consulta con nuestros especialistas.\" \/>\n<meta name=\"robots\" content=\"index, follow, max-snippet:-1, max-image-preview:large, max-video-preview:-1\" \/>\n<link rel=\"canonical\" href=\"https:\/\/vitalkenko.com\/ca\/pedir-cita\/\" \/>\n<meta property=\"og:locale\" content=\"ca_ES\" \/>\n<meta property=\"og:type\" content=\"article\" \/>\n<meta property=\"og:title\" content=\"Pedir Cita M\u00e9dica | Agenda tu Consulta en Vitalkenko\" \/>\n<meta property=\"og:description\" content=\"Solicita tu cita m\u00e9dica en Vitalkenko f\u00e1cilmente. Elige el centro, la fecha y la hora que prefieras, e ingresa tu nombre y correo electr\u00f3nico para confirmar. Disfruta de un proceso r\u00e1pido y eficiente para reservar tu consulta con nuestros especialistas.\" \/>\n<meta property=\"og:url\" content=\"https:\/\/vitalkenko.com\/ca\/pedir-cita\/\" \/>\n<meta property=\"og:site_name\" content=\"Vitalkenko\" \/>\n<meta property=\"article:modified_time\" content=\"2025-06-30T16:42:45+00:00\" \/>\n<meta name=\"twitter:card\" content=\"summary_large_image\" \/>\n<meta name=\"twitter:label1\" content=\"Temps estimat de lectura\" \/>\n\t<meta name=\"twitter:data1\" content=\"1 minut\" \/>\n<script type=\"application\/ld+json\" class=\"yoast-schema-graph\">{\"@context\":\"https:\\\/\\\/schema.org\",\"@graph\":[{\"@type\":\"WebPage\",\"@id\":\"https:\\\/\\\/vitalkenko.com\\\/pedir-cita\\\/\",\"url\":\"https:\\\/\\\/vitalkenko.com\\\/pedir-cita\\\/\",\"name\":\"Pedir Cita M\u00e9dica | Agenda tu Consulta en Vitalkenko\",\"isPartOf\":{\"@id\":\"https:\\\/\\\/vitalkenko.com\\\/#website\"},\"datePublished\":\"2024-07-29T07:23:13+00:00\",\"dateModified\":\"2025-06-30T16:42:45+00:00\",\"description\":\"Solicita tu cita m\u00e9dica en Vitalkenko f\u00e1cilmente. Elige el centro, la fecha y la hora que prefieras, e ingresa tu nombre y correo electr\u00f3nico para confirmar. Disfruta de un proceso r\u00e1pido y eficiente para reservar tu consulta con nuestros especialistas.\",\"breadcrumb\":{\"@id\":\"https:\\\/\\\/vitalkenko.com\\\/pedir-cita\\\/#breadcrumb\"},\"inLanguage\":\"ca\",\"potentialAction\":[{\"@type\":\"ReadAction\",\"target\":[\"https:\\\/\\\/vitalkenko.com\\\/pedir-cita\\\/\"]}]},{\"@type\":\"BreadcrumbList\",\"@id\":\"https:\\\/\\\/vitalkenko.com\\\/pedir-cita\\\/#breadcrumb\",\"itemListElement\":[{\"@type\":\"ListItem\",\"position\":1,\"name\":\"Portada\",\"item\":\"https:\\\/\\\/vitalkenko.com\\\/\"},{\"@type\":\"ListItem\",\"position\":2,\"name\":\"Pedir cita\"}]},{\"@type\":\"WebSite\",\"@id\":\"https:\\\/\\\/vitalkenko.com\\\/#website\",\"url\":\"https:\\\/\\\/vitalkenko.com\\\/\",\"name\":\"Vitalkenko\",\"description\":\"Revisiones y especialidades m\u00e9dicas\",\"publisher\":{\"@id\":\"https:\\\/\\\/vitalkenko.com\\\/#organization\"},\"potentialAction\":[{\"@type\":\"SearchAction\",\"target\":{\"@type\":\"EntryPoint\",\"urlTemplate\":\"https:\\\/\\\/vitalkenko.com\\\/?s={search_term_string}\"},\"query-input\":{\"@type\":\"PropertyValueSpecification\",\"valueRequired\":true,\"valueName\":\"search_term_string\"}}],\"inLanguage\":\"ca\"},{\"@type\":\"Organization\",\"@id\":\"https:\\\/\\\/vitalkenko.com\\\/#organization\",\"name\":\"Vitalkenko\",\"url\":\"https:\\\/\\\/vitalkenko.com\\\/\",\"logo\":{\"@type\":\"ImageObject\",\"inLanguage\":\"ca\",\"@id\":\"https:\\\/\\\/vitalkenko.com\\\/#\\\/schema\\\/logo\\\/image\\\/\",\"url\":\"https:\\\/\\\/vitalkenko.com\\\/wp-content\\\/uploads\\\/2024\\\/07\\\/Logo.png\",\"contentUrl\":\"https:\\\/\\\/vitalkenko.com\\\/wp-content\\\/uploads\\\/2024\\\/07\\\/Logo.png\",\"width\":441,\"height\":142,\"caption\":\"Vitalkenko\"},\"image\":{\"@id\":\"https:\\\/\\\/vitalkenko.com\\\/#\\\/schema\\\/logo\\\/image\\\/\"}}]}<\/script>\n<!-- \/ Yoast SEO plugin. -->","yoast_head_json":{"title":"Pedir Cita M\u00e9dica | Agenda tu Consulta en Vitalkenko","description":"Solicita tu cita m\u00e9dica en Vitalkenko f\u00e1cilmente. Elige el centro, la fecha y la hora que prefieras, e ingresa tu nombre y correo electr\u00f3nico para confirmar. Disfruta de un proceso r\u00e1pido y eficiente para reservar tu consulta con nuestros especialistas.","robots":{"index":"index","follow":"follow","max-snippet":"max-snippet:-1","max-image-preview":"max-image-preview:large","max-video-preview":"max-video-preview:-1"},"canonical":"https:\/\/vitalkenko.com\/ca\/pedir-cita\/","og_locale":"ca_ES","og_type":"article","og_title":"Pedir Cita M\u00e9dica | Agenda tu Consulta en Vitalkenko","og_description":"Solicita tu cita m\u00e9dica en Vitalkenko f\u00e1cilmente. Elige el centro, la fecha y la hora que prefieras, e ingresa tu nombre y correo electr\u00f3nico para confirmar. Disfruta de un proceso r\u00e1pido y eficiente para reservar tu consulta con nuestros especialistas.","og_url":"https:\/\/vitalkenko.com\/ca\/pedir-cita\/","og_site_name":"Vitalkenko","article_modified_time":"2025-06-30T16:42:45+00:00","twitter_card":"summary_large_image","twitter_misc":{"Temps estimat de lectura":"1 minut"},"schema":{"@context":"https:\/\/schema.org","@graph":[{"@type":"WebPage","@id":"https:\/\/vitalkenko.com\/pedir-cita\/","url":"https:\/\/vitalkenko.com\/pedir-cita\/","name":"Pedir Cita M\u00e9dica | Agenda tu Consulta en Vitalkenko","isPartOf":{"@id":"https:\/\/vitalkenko.com\/#website"},"datePublished":"2024-07-29T07:23:13+00:00","dateModified":"2025-06-30T16:42:45+00:00","description":"Solicita tu cita m\u00e9dica en Vitalkenko f\u00e1cilmente. Elige el centro, la fecha y la hora que prefieras, e ingresa tu nombre y correo electr\u00f3nico para confirmar. Disfruta de un proceso r\u00e1pido y eficiente para reservar tu consulta con nuestros especialistas.","breadcrumb":{"@id":"https:\/\/vitalkenko.com\/pedir-cita\/#breadcrumb"},"inLanguage":"ca","potentialAction":[{"@type":"ReadAction","target":["https:\/\/vitalkenko.com\/pedir-cita\/"]}]},{"@type":"BreadcrumbList","@id":"https:\/\/vitalkenko.com\/pedir-cita\/#breadcrumb","itemListElement":[{"@type":"ListItem","position":1,"name":"Portada","item":"https:\/\/vitalkenko.com\/"},{"@type":"ListItem","position":2,"name":"Pedir cita"}]},{"@type":"WebSite","@id":"https:\/\/vitalkenko.com\/#website","url":"https:\/\/vitalkenko.com\/","name":"Vitalkenko","description":"Revisions i especialitats m\u00e8diques","publisher":{"@id":"https:\/\/vitalkenko.com\/#organization"},"potentialAction":[{"@type":"SearchAction","target":{"@type":"EntryPoint","urlTemplate":"https:\/\/vitalkenko.com\/?s={search_term_string}"},"query-input":{"@type":"PropertyValueSpecification","valueRequired":true,"valueName":"search_term_string"}}],"inLanguage":"ca"},{"@type":"Organization","@id":"https:\/\/vitalkenko.com\/#organization","name":"Vitalkenko","url":"https:\/\/vitalkenko.com\/","logo":{"@type":"ImageObject","inLanguage":"ca","@id":"https:\/\/vitalkenko.com\/#\/schema\/logo\/image\/","url":"https:\/\/vitalkenko.com\/wp-content\/uploads\/2024\/07\/Logo.png","contentUrl":"https:\/\/vitalkenko.com\/wp-content\/uploads\/2024\/07\/Logo.png","width":441,"height":142,"caption":"Vitalkenko"},"image":{"@id":"https:\/\/vitalkenko.com\/#\/schema\/logo\/image\/"}}]}},"_links":{"self":[{"href":"https:\/\/vitalkenko.com\/ca\/wp-json\/wp\/v2\/pages\/22","targetHints":{"allow":["GET"]}}],"collection":[{"href":"https:\/\/vitalkenko.com\/ca\/wp-json\/wp\/v2\/pages"}],"about":[{"href":"https:\/\/vitalkenko.com\/ca\/wp-json\/wp\/v2\/types\/page"}],"author":[{"embeddable":true,"href":"https:\/\/vitalkenko.com\/ca\/wp-json\/wp\/v2\/users\/1"}],"replies":[{"embeddable":true,"href":"https:\/\/vitalkenko.com\/ca\/wp-json\/wp\/v2\/comments?post=22"}],"version-history":[{"count":5,"href":"https:\/\/vitalkenko.com\/ca\/wp-json\/wp\/v2\/pages\/22\/revisions"}],"predecessor-version":[{"id":2439,"href":"https:\/\/vitalkenko.com\/ca\/wp-json\/wp\/v2\/pages\/22\/revisions\/2439"}],"wp:attachment":[{"href":"https:\/\/vitalkenko.com\/ca\/wp-json\/wp\/v2\/media?parent=22"}],"curies":[{"name":"wp","href":"https:\/\/api.w.org\/{rel}","templated":true}]}}